{"id":37,"date":"2021-02-15T14:10:06","date_gmt":"2021-02-15T14:10:06","guid":{"rendered":"http:\/\/gs715.scout.es\/?page_id=37"},"modified":"2021-02-15T14:10:07","modified_gmt":"2021-02-15T14:10:07","slug":"scouts-de-espana","status":"publish","type":"page","link":"https:\/\/gs715.scout.es\/?page_id=37","title":{"rendered":"Scouts de Espa\u00f1a"},"content":{"rendered":"\n<p>Nuestro Grupo Scout pertenece a ASDE Scouts de Espa\u00f1a (Federaci\u00f3n de Scouts-Exploradores de Espa\u00f1a, ASDE) reconocida como socia por la WOSM (World Organization of the Scout Movement), Organizaci\u00f3n Mundial del Movimiento Scout. Es el mayor movimiento juvenil del mundo y est\u00e1 presente en 162 pa\u00edses, con m\u00e1s de 40 millones de personas como miembros, participando en la construcci\u00f3n de un mundo mejor a trav\u00e9s de un proyecto educativo propio que motiva a los y las j\u00f3venes a jugar un papel activo en la sociedad.<\/p>\n\n\n\n<figure class=\"wp-block-image\"><img decoding=\"async\" src=\"http:\/\/gs251.scout.es\/wp-content\/uploads\/2018\/03\/asdescouts-285x300.png\" alt=\"\" title=\"asdescouts-285x300\"\/><\/figure>\n\n\n\n<h3 class=\"wp-block-heading\">Nuestra Visi\u00f3n<\/h3>\n\n\n\n<p>Pertenecemos a un movimiento global que est\u00e1 presente en todos los sectores de la sociedad, y que contribuye a la creaci\u00f3n de un mundo mejor. Educamos en valores como la cooperaci\u00f3n y solidaridad, estamos comprometidos\/as con el cambio social.<\/p>\n\n\n\n<h3 class=\"wp-block-heading\">Nuestra Misi\u00f3n<\/h3>\n\n\n\n<p>Contribuir a la educaci\u00f3n y al desarrollo de las personas, principalmente durante la infancia y la juventud, a trav\u00e9s de un sistema de valores basado en la Promesa y la Ley Scout, para ayudar a crear un mundo mejor donde las personas puedan desarrollarse como individuos y jugar un papel constructivo en la sociedad.<\/p>\n\n\n\n<h3 class=\"wp-block-heading\">Para alcanzar esta misi\u00f3n consideramos fundamental:<\/h3>\n\n\n\n<p>Educar en la libertad, la justicia, la solidaridad y la responsabilidad personal y comunitaria, en el marco de la convivencia, el respeto y el servicio.<\/p>\n\n\n\n<p>Promover aquellos valores espirituales, inherentes a la persona, que ayuden a superar el individualismo y el materialismo, y favorezca la formaci\u00f3n de su personalidad.<\/p>\n\n\n\n<p>Despertar el esp\u00edritu cr\u00edtico y participativo, respetando la libertad personal y promoviendo h\u00e1bitos de vida saludable, que permitan analizar las ideolog\u00edas y opciones que la sociedad presenta para posteriormente elegir una opci\u00f3n de vida.<\/p>\n\n\n\n<p>Impulsar la comprensi\u00f3n y el desarrollo en nuestra sociedad, promoviendo el cuidado y defensa del medio ambiente y estimulando acciones de cooperaci\u00f3n y servicio a los dem\u00e1s.<\/p>\n\n\n\n<figure class=\"wp-block-image\"><img decoding=\"async\" src=\"http:\/\/gs251.scout.es\/wp-content\/uploads\/2018\/03\/camp.soy_-249x300.png\" alt=\"\" title=\"camp.soy_-249x300\"\/><\/figure>\n\n\n\n<h3 class=\"wp-block-heading\">CARTA DE SERVICIOS<\/h3>\n\n\n\n<p>Si a\u00fan tienes dudas de qu\u00e9 podemos hacer por ti o por tu grupo desde ASDE Scouts de Espa\u00f1a, desc\u00e1rgate nuestra Carta de Servicios y descubre que os ofrecemos.<\/p>\n\n\n\n<h3 class=\"wp-block-heading\">PUBLICACIONES<\/h3>\n\n\n\n<p>ASDE Scouts de Espa\u00f1a elaboramos publicaciones dirigidas a sus voluntarios\/as educadores\/as con el objetivo de proporcionarles herramientas que faciliten su labor educativa.<\/p>\n\n\n\n<p>Estas publicaciones, elaboradas por los propios voluntarios\/as, abordan distintas tem\u00e1ticas y adaptan su metodolog\u00eda did\u00e1ctica a las necesidades de las distintas secciones scouts.<\/p>\n\n\n\n<figure class=\"wp-block-image\"><img decoding=\"async\" src=\"http:\/\/gs251.scout.es\/wp-content\/uploads\/2018\/03\/PUBLICACIONES-1030x312-1.png\" alt=\"\" title=\"PUBLICACIONES-1030x312-1\"\/><\/figure>\n\n\n\n<h3 class=\"wp-block-heading\">NUESTRAS REDES SOCIALES<\/h3>\n\n\n\n<p>Comparte tus historias, haznos llegar tus propuestas y s\u00edguenos en nuestras redes sociales:<\/p>\n\n\n\n<p><a href=\"https:\/\/www.facebook.com\/ScoutsdeEspana\/\">Facebook<\/a><br><a href=\"https:\/\/twitter.com\/scout_es\">Twitter<\/a><br><a href=\"http:\/\/www.youtube.com\/user\/SCOUTSASDE\">Youtube<\/a><br><a href=\"https:\/\/www.instagram.com\/scout_es\/\">Instagram<\/a><\/p>\n\n\n\n<figure class=\"wp-block-image\"><img decoding=\"async\" src=\"http:\/\/gs251.scout.es\/wp-content\/uploads\/2018\/03\/info-300x192-1.png\" alt=\"\" title=\"info-300x192-1\"\/><\/figure>\n","protected":false},"excerpt":{"rendered":"<p>Nuestro Grupo Scout pertenece a ASDE Scouts de Espa\u00f1a (Federaci\u00f3n de Scouts-Exploradores de Espa\u00f1a, ASDE) reconocida como socia por la WOSM (World Organization of the Scout Movement), Organizaci\u00f3n Mundial del Movimiento Scout. Es el mayor movimiento juvenil del mundo y est\u00e1 presente en 162 pa\u00edses, con m\u00e1s de 40 millones de personas como miembros, participando [&hellip;]<\/p>\n","protected":false},"author":1,"featured_media":0,"parent":0,"menu_order":0,"comment_status":"closed","ping_status":"closed","template":"","meta":{"footnotes":""},"class_list":["post-37","page","type-page","status-publish","hentry"],"_links":{"self":[{"href":"https:\/\/gs715.scout.es\/index.php?rest_route=\/wp\/v2\/pages\/37","targetHints":{"allow":["GET"]}}],"collection":[{"href":"https:\/\/gs715.scout.es\/index.php?rest_route=\/wp\/v2\/pages"}],"about":[{"href":"https:\/\/gs715.scout.es\/index.php?rest_route=\/wp\/v2\/types\/page"}],"author":[{"embeddable":true,"href":"https:\/\/gs715.scout.es\/index.php?rest_route=\/wp\/v2\/users\/1"}],"replies":[{"embeddable":true,"href":"https:\/\/gs715.scout.es\/index.php?rest_route=%2Fwp%2Fv2%2Fcomments&post=37"}],"version-history":[{"count":1,"href":"https:\/\/gs715.scout.es\/index.php?rest_route=\/wp\/v2\/pages\/37\/revisions"}],"predecessor-version":[{"id":38,"href":"https:\/\/gs715.scout.es\/index.php?rest_route=\/wp\/v2\/pages\/37\/revisions\/38"}],"wp:attachment":[{"href":"https:\/\/gs715.scout.es\/index.php?rest_route=%2Fwp%2Fv2%2Fmedia&parent=37"}],"curies":[{"name":"wp","href":"https:\/\/api.w.org\/{rel}","templated":true}]}}